{"id":753,"date":"2021-02-13T17:44:22","date_gmt":"2021-02-13T17:44:22","guid":{"rendered":"https:\/\/klbtheme.com\/cosmetsy\/?page_id=753"},"modified":"2025-01-09T16:51:26","modified_gmt":"2025-01-09T13:51:26","slug":"home-3","status":"publish","type":"page","link":"https:\/\/letglow.com\/","title":{"rendered":"Home 3"},"content":{"rendered":"\t\t<div data-elementor-type=\"wp-page\" data-elementor-id=\"753\" class=\"elementor elementor-753\">\n\t\t\t\t\t\t<div class=\"elementor-section elementor-top-section elementor-element elementor-element-eab95ba elementor-section-boxed elementor-section-height-default elementor-section-height-default\" data-id=\"eab95ba\" data-element_type=\"section\">\n\t\t\t\t\t\t<div class=\"elementor-container elementor-column-gap-no\">\n\t\t\t\t\t<div class=\"elementor-column elementor-col-100 elementor-top-column elementor-element elementor-element-17fff36\" data-id=\"17fff36\" data-element_type=\"column\">\n\t\t\t<div class=\"elementor-widget-wrap elementor-element-populated\">\n\t\t\t\t\t\t<div class=\"elementor-element elementor-element-59050da elementor-widget elementor-widget-cosmetsy-banner-box\" data-id=\"59050da\" data-element_type=\"widget\" data-widget_type=\"cosmetsy-banner-box.default\">\n\t\t\t\t<div class=\"elementor-widget-container\">\n\t\t\t\t\t<div class=\"module image-text style-6\"><div class=\"container\"><div class=\"module-wrapper\"><div class=\"module-block text\"><h6 class=\"entry-subtitle f-size-10 mb-20 d-mb-35\">Canl\u0131 ve Taze Bir Cilt \u0130\u00e7in Bak\u0131m<\/h6><h2 class=\"entry-title f-size-34 df-size-60 mb-20 d-mb-40\">Let Glow - Do\u011fal I\u015f\u0131lt\u0131n\u0131z, \u015eimdi Cildinizde <\/h2><p class=\"f-size-13 mb-20 d-mb-40\"> Let Glow, cildinizi derinlemesine nemlendirir, besler ve do\u011fal \u0131\u015f\u0131lt\u0131n\u0131z\u0131 ortaya \u00e7\u0131kar\u0131r. Taze ve p\u00fcr\u00fczs\u00fcz bir cilt i\u00e7in en do\u011fal i\u00e7eriklerle bak\u0131m yap\u0131n<\/p><a href=\"\"  class=\"button light medium wide\">Ke\u015ffet<\/a><\/div><div class=\"module-block image\"><img decoding=\"async\" src=\"https:\/\/letglow.com\/wp-content\/uploads\/2024\/12\/25795.jpg\" alt=\"banner\"><\/div><\/div><\/div><\/div>\t\t\t\t<\/div>\n\t\t\t\t<\/div>\n\t\t\t\t<div class=\"elementor-section elementor-inner-section elementor-element elementor-element-38e85d8 elementor-section-boxed elementor-section-height-default elementor-section-height-default\" data-id=\"38e85d8\" data-element_type=\"section\">\n\t\t\t\t\t\t<div class=\"elementor-container elementor-column-gap-extended\">\n\t\t\t\t\t<div class=\"elementor-column elementor-col-33 elementor-inner-column elementor-element elementor-element-c3df33d\" data-id=\"c3df33d\" data-element_type=\"column\">\n\t\t\t<div class=\"elementor-widget-wrap\">\n\t\t\t\t\t\t\t<\/div>\n\t\t<\/div>\n\t\t\t\t<div class=\"elementor-column elementor-col-33 elementor-inner-column elementor-element elementor-element-a4da4ab\" data-id=\"a4da4ab\" data-element_type=\"column\">\n\t\t\t<div class=\"elementor-widget-wrap elementor-element-populated\">\n\t\t\t\t\t\t<div class=\"elementor-element elementor-element-eb1be31 elementor-widget elementor-widget-cosmetsy-custom-title\" data-id=\"eb1be31\" data-element_type=\"widget\" data-widget_type=\"cosmetsy-custom-title.default\">\n\t\t\t\t<div class=\"elementor-widget-container\">\n\t\t\t\t\t<div class=\"custom-title module-block text text-center\"><h2 class=\"entry-title f-size-26 df-size-42\">\u00d6ne \u00c7\u0131kan Koleksiyonlar\n<\/h2><p class=\"f-size-14\"><\/p><\/div>\t\t\t\t<\/div>\n\t\t\t\t<\/div>\n\t\t\t\t\t<\/div>\n\t\t<\/div>\n\t\t\t\t<div class=\"elementor-column elementor-col-33 elementor-inner-column elementor-element elementor-element-b5b35df\" data-id=\"b5b35df\" data-element_type=\"column\">\n\t\t\t<div class=\"elementor-widget-wrap\">\n\t\t\t\t\t\t\t<\/div>\n\t\t<\/div>\n\t\t\t\t\t<\/div>\n\t\t<\/div>\n\t\t\t\t<div class=\"elementor-section elementor-inner-section elementor-element elementor-element-daf6e50 elementor-section-boxed elementor-section-height-default elementor-section-height-default\" data-id=\"daf6e50\" data-element_type=\"section\">\n\t\t\t\t\t\t<div class=\"elementor-container elementor-column-gap-no\">\n\t\t\t\t\t<div class=\"elementor-column elementor-col-100 elementor-inner-column elementor-element elementor-element-05966ed\" data-id=\"05966ed\" data-element_type=\"column\">\n\t\t\t<div class=\"elementor-widget-wrap elementor-element-populated\">\n\t\t\t\t\t\t<div class=\"elementor-element elementor-element-15ce679 elementor-widget elementor-widget-cosmetsy-product-categories\" data-id=\"15ce679\" data-element_type=\"widget\" data-widget_type=\"cosmetsy-product-categories.default\">\n\t\t\t\t<div class=\"elementor-widget-container\">\n\t\t\t\t\t<div class=\"module module--category\"><div class=\"container\"><div class=\"module--inner\"><ul class=\"category-list column-3 style-2\"><li class=\"category-item\"><a href=\"https:\/\/letglow.com\/?product_cat=cilt-serumu\"><div class=\"category-detail\"><h4 class=\"entry-category\">Cilt ve Y\u00fcz Serumlar\u0131<\/h4><\/div><div class=\"category-image\"><img decoding=\"async\" src=\"https:\/\/letglow.com\/wp-content\/uploads\/2024\/12\/8167970-scaled.jpg\" alt=\"Cilt ve Y\u00fcz Serumlar\u0131\"><\/div><\/a><\/li><li class=\"category-item\"><a href=\"https:\/\/letglow.com\/?product_cat=yuz-temizleme\"><div class=\"category-detail\"><h4 class=\"entry-category\">Cilt ve Y\u00fcz Temizleyiciler<\/h4><\/div><div class=\"category-image\"><img decoding=\"async\" src=\"https:\/\/letglow.com\/wp-content\/uploads\/2024\/12\/Untitled-2_1.jpg\" alt=\"Cilt ve Y\u00fcz Temizleyiciler\"><\/div><\/a><\/li><li class=\"category-item\"><a href=\"https:\/\/letglow.com\/?product_cat=nemlendirici\"><div class=\"category-detail\"><h4 class=\"entry-category\">Nemlendiriciler<\/h4><\/div><div class=\"category-image\"><img decoding=\"async\" src=\"https:\/\/letglow.com\/wp-content\/uploads\/2024\/12\/8160097-scaled.jpg\" alt=\"Nemlendiriciler\"><\/div><\/a><\/li><\/ul><\/div><\/div><\/div>\t\t\t\t<\/div>\n\t\t\t\t<\/div>\n\t\t\t\t\t<\/div>\n\t\t<\/div>\n\t\t\t\t\t<\/div>\n\t\t<\/div>\n\t\t\t\t\t<\/div>\n\t\t<\/div>\n\t\t\t\t\t<\/div>\n\t\t<\/div>\n\t\t\t\t<div class=\"elementor-section elementor-top-section elementor-element elementor-element-c1b9329 elementor-section-full_width elementor-section-height-default elementor-section-height-default\" data-id=\"c1b9329\" data-element_type=\"section\">\n\t\t\t\t\t\t<div class=\"elementor-container elementor-column-gap-no\">\n\t\t\t\t\t<div class=\"elementor-column elementor-col-100 elementor-top-column elementor-element elementor-element-0dc7de2\" data-id=\"0dc7de2\" data-element_type=\"column\">\n\t\t\t<div class=\"elementor-widget-wrap elementor-element-populated\">\n\t\t\t\t\t\t<div class=\"elementor-element elementor-element-0058a59 elementor-widget elementor-widget-cosmetsy-product-carousel-2\" data-id=\"0058a59\" data-element_type=\"widget\" data-widget_type=\"cosmetsy-product-carousel-2.default\">\n\t\t\t\t<div class=\"elementor-widget-container\">\n\t\t\t\t\t\t\t\r\n\t\t<div class=\"module module--carousel\"><div class=\"container\"><div class=\"module--inner\"><div class=\"module--title style-2 bordered\"><div class=\"module--title--inner\"><h2 class=\"entry-title\">\u00d6ne \u00c7\u0131kan \u00dcr\u00fcnler<\/h2><a href=\"https:\/\/klbtheme.com\/cosmetsy\/shop\/\"  class=\"button-text\"><span>\u00dcr\u00fcnleri Ke\u015ffet<\/span><i class=\"klb-right\"><\/i><\/a><\/div><\/div><div class=\"slider-wrapper\"><svg class=\"preloader\" width=\"65px\" height=\"65px\" viewBox=\"0 0 66 66\" xmlns=\"http:\/\/www.w3.org\/2000\/svg\"><circle class=\"path\" fill=\"none\" stroke-width=\"6\" stroke-linecap=\"round\" cx=\"33\" cy=\"33\" r=\"30\"><\/circle><\/svg><ul class=\"site-slider carousel products style-2\" data-slideshow=\"4\" data-mobile=\"1\" data-speed=\"1200\" data-autoplay=\"false\" data-autospeed=\"\" data-dots=\"false\" data-arrows=\"true\" data-infinite=\"true\"><li class=\"product type-product post-160 status-publish first instock product_cat-cilt-serumu product_cat-yuz-temizleme product_cat-nemlendirici has-post-thumbnail sale shipping-taxable purchasable product-type-simple\"><div class=\"product-content\"><div class=\"product-media\"><span class=\"badge onsale\"><span>24%<\/span><\/span><figure class=\"entry-media\"><a href=\"https:\/\/letglow.com\/?product=restorative-floral-bath\"><span class=\"second-thumbnail\" style=\"background-image: url(https:\/\/letglow.com\/wp-content\/uploads\/2021\/02\/pr-12-2.jpg);\"><\/span><img decoding=\"async\" src=\"https:\/\/letglow.com\/wp-content\/uploads\/2021\/02\/pr-12-1-570x670.jpg\" alt=\"Restorative Floral Bath\"><\/a><div class=\"product-action\"><a href=\"160\" class=\"detail-bnt quickview-button\"><i class=\"klb-eye\"><\/i><\/a><div class=\"tinv-wraper woocommerce tinv-wishlist tinvwl-shortcode-add-to-cart tinvwl-the_content\"\r\n\t data-tinvwl_product_id=\"160\">\r\n\t<div class=\"tinv-wishlist-clear\"><\/div><a role=\"button\" tabindex=\"0\" name=\"add-to-wishlist\" aria-label=\"Add to Wishlist\" class=\"tinvwl_add_to_wishlist_button tinvwl-icon-heart  tinvwl-position-after\" data-tinv-wl-list=\"[]\" data-tinv-wl-product=\"160\" data-tinv-wl-productvariation=\"0\" data-tinv-wl-productvariations=\"[]\" data-tinv-wl-producttype=\"simple\" data-tinv-wl-action=\"add\"><span class=\"tinvwl_add_to_wishlist-text\">Add to Wishlist<\/span><\/a><div class=\"tinv-wishlist-clear\"><\/div>\t\t<div\r\n\t\tclass=\"tinvwl-tooltip\">Add to Wishlist<\/div>\r\n<\/div>\r\n<a href=\"?add-to-cart=160\" aria-describedby=\"woocommerce_loop_add_to_cart_link_describedby_160\" data-quantity=\"1\" class=\"button product_type_simple add_to_cart_button ajax_add_to_cart\" data-product_id=\"160\" data-product_sku=\"SOR4JK74\" aria-label=\"Sepete ekle: \u201cRestorative Floral Bath\u201d\" rel=\"nofollow\" data-success_message=\"&quot;Restorative Floral Bath&quot; sepetinize eklendi\" data-product_name=\"Restorative Floral Bath\" data-price=\"190\"><span>Sepete Ekle<\/span><\/a>\t<span id=\"woocommerce_loop_add_to_cart_link_describedby_160\" class=\"screen-reader-text\">\n\t\t\t<\/span>\n<\/div><\/figure><\/div><div class=\"content-align\"><div class=\"entry-wrapper\"><div class=\"entry-category\"><a href=\"https:\/\/letglow.com\/?product_cat=cilt-serumu\" rel=\"tag\">Cilt ve Y\u00fcz Serumlar\u0131<\/a><a href=\"https:\/\/letglow.com\/?product_cat=yuz-temizleme\" rel=\"tag\">Cilt ve Y\u00fcz Temizleyiciler<\/a><a href=\"https:\/\/letglow.com\/?product_cat=nemlendirici\" rel=\"tag\">Nemlendiriciler<\/a><\/div><h2 class=\"entry-name woocommerce-loop-product__title\"><a href=\"https:\/\/letglow.com\/?product=restorative-floral-bath\" title=\"Restorative Floral Bath\">Restorative Floral Bath<\/a><\/h2><span class=\"price\"><del aria-hidden=\"true\"><span class=\"woocommerce-Price-amount amount\"><bdi><span class=\"woocommerce-Price-currencySymbol\">&#8378;<\/span>250,00<\/bdi><\/span><\/del> <span class=\"screen-reader-text\">Orijinal fiyat: &#8378;250,00.<\/span><ins aria-hidden=\"true\"><span class=\"woocommerce-Price-amount amount\"><bdi><span class=\"woocommerce-Price-currencySymbol\">&#8378;<\/span>190,00<\/bdi><\/span><\/ins><span class=\"screen-reader-text\">\u015eu andaki fiyat: &#8378;190,00.<\/span><\/span><\/div><\/div><\/div><\/li><\/ul><\/div><\/div><\/div><\/div>\t\t\t\t<\/div>\n\t\t\t\t<\/div>\n\t\t\t\t\t<\/div>\n\t\t<\/div>\n\t\t\t\t\t<\/div>\n\t\t<\/div>\n\t\t\t\t<div class=\"elementor-section elementor-top-section elementor-element elementor-element-92ef4f5 elementor-section-boxed elementor-section-height-default elementor-section-height-default\" data-id=\"92ef4f5\" data-element_type=\"section\" data-settings=\"{&quot;background_background&quot;:&quot;classic&quot;}\">\n\t\t\t\t\t\t<div class=\"elementor-container elementor-column-gap-no\">\n\t\t\t\t\t<div class=\"elementor-column elementor-col-100 elementor-top-column elementor-element elementor-element-5a2ce8a\" data-id=\"5a2ce8a\" data-element_type=\"column\">\n\t\t\t<div class=\"elementor-widget-wrap elementor-element-populated\">\n\t\t\t\t\t\t<div class=\"elementor-element elementor-element-7077177 elementor-widget elementor-widget-cosmetsy-image-text-5\" data-id=\"7077177\" data-element_type=\"widget\" data-widget_type=\"cosmetsy-image-text-5.default\">\n\t\t\t\t<div class=\"elementor-widget-container\">\n\t\t\t\t\t<div class=\"module image-text style-11\"><div class=\"container\"><div class=\"module--inner\"><div class=\"row no-gutters align-items-center\"><div class=\"col col-12 col-lg-6\"><div class=\"module-block image\"><img decoding=\"async\" src=\"https:\/\/letglow.com\/wp-content\/uploads\/2024\/12\/moisturizing-beauty-cream-skincare-spa-cosmetics-scaled.jpg\" alt=\"img-text\"><\/div><\/div><div class=\"col col-12 col-lg-6\"><div class=\"module-block text\"><h6 class=\"entry-subtitle f-size-10 mb-20 d-mb-35\">Tek Ad\u0131mda Ar\u0131n ve I\u015f\u0131lda<\/h6><h2 class=\"entry-title f-size-34 df-size-54 mb-20 d-mb-40\">Makyaj ve Y\u00fcz Temizleme Balm\u0131<\/h2><p class=\"mb-20 d-mb-40\">Let Glow Makyaj ve Y\u00fcz Temizleme Balm\u0131, cildinizi nazik\u00e7e temizlerken derinlemesine ar\u0131nd\u0131r\u0131r. <br>Zenginle\u015ftirilmi\u015f do\u011fal i\u00e7erikleri sayesinde cildinizi nemlendirir ve besler, ya\u011fl\u0131 bir his b\u0131rakmadan tazelenmi\u015f bir g\u00f6r\u00fcn\u00fcm sunar. <\/p><a href=\"https:\/\/klbtheme.com\/cosmetsy\/product\/drive-me-glazy-lip-gloss\/\"  class=\"button light medium wide\">Ke\u015ffet<\/a><\/div><\/div><\/div><\/div><\/div><\/div>\t\t\t\t<\/div>\n\t\t\t\t<\/div>\n\t\t\t\t\t<\/div>\n\t\t<\/div>\n\t\t\t\t\t<\/div>\n\t\t<\/div>\n\t\t\t\t<div class=\"elementor-section elementor-top-section elementor-element elementor-element-e33f625 elementor-section-boxed elementor-section-height-default elementor-section-height-default\" data-id=\"e33f625\" data-element_type=\"section\">\n\t\t\t\t\t\t<div class=\"elementor-container elementor-column-gap-no\">\n\t\t\t\t\t<div class=\"elementor-column elementor-col-50 elementor-top-column elementor-element elementor-element-04e862a\" data-id=\"04e862a\" data-element_type=\"column\">\n\t\t\t<div class=\"elementor-widget-wrap elementor-element-populated\">\n\t\t\t\t\t\t<div class=\"elementor-element elementor-element-9af1e0f elementor-widget elementor-widget-cosmetsy-image-box\" data-id=\"9af1e0f\" data-element_type=\"widget\" data-widget_type=\"cosmetsy-image-box.default\">\n\t\t\t\t<div class=\"elementor-widget-container\">\n\t\t\t\t\t<div class=\"klb-img-box banner-item medium\"><div class=\"banner-text\"><h3 class=\"entry-title\">Let Glow Ayd\u0131nlat\u0131c\u0131 ve Yenileyici Serum<\/h3><div class=\"entry-description\"><p>Cilt tonunu e\u015fitleyen ve do\u011fal \u0131\u015f\u0131lt\u0131 kazand\u0131ran Let Glow Serum, hafif dokusuyla h\u0131zla emilir ve yenileyici etki sunar.<\/p><\/div><a href=\"https:\/\/klbtheme.com\/cosmetsy\/product\/restorative-floral-bath\/\"  class=\"button-text\"><span>\u015eimdi Al, I\u015f\u0131lda!<\/span><i class=\"klb-right\"><\/i><\/a><\/div><div class=\"banner-image\"><img decoding=\"async\" src=\"https:\/\/letglow.com\/wp-content\/uploads\/2024\/12\/Untitled-3.jpg\" alt=\"img\"><\/div><a href=\"https:\/\/klbtheme.com\/cosmetsy\/product\/restorative-floral-bath\/\"  class=\"overlay-link\"><\/a><\/div>\t\t\t\t<\/div>\n\t\t\t\t<\/div>\n\t\t\t\t\t<\/div>\n\t\t<\/div>\n\t\t\t\t<div class=\"elementor-column elementor-col-50 elementor-top-column elementor-element elementor-element-2636297\" data-id=\"2636297\" data-element_type=\"column\">\n\t\t\t<div class=\"elementor-widget-wrap elementor-element-populated\">\n\t\t\t\t\t\t<div class=\"elementor-element elementor-element-26e99d3 elementor-widget elementor-widget-cosmetsy-image-box\" data-id=\"26e99d3\" data-element_type=\"widget\" data-widget_type=\"cosmetsy-image-box.default\">\n\t\t\t\t<div class=\"elementor-widget-container\">\n\t\t\t\t\t<div class=\"klb-img-box banner-item large\"><div class=\"banner-text\"><h3 class=\"entry-title\">Let Glow 24 Saat Etkili Yo\u011fun Nemlendirici<\/h3><div class=\"entry-description\"><p>&quot;Cildinizin g\u00fcn boyu nem ihtiyac\u0131n\u0131 kar\u015f\u0131layan Let Glow 24 Saat Etkili Yo\u011fun Nemlendirici, hafif dokusuyla h\u0131zl\u0131 emilir, ya\u011fl\u0131 his b\u0131rakmadan cildinizi yumu\u015fat\u0131r ve canland\u0131r\u0131r.&quot;<\/p><\/div><a href=\"https:\/\/klbtheme.com\/cosmetsy\/product\/squalane-oil-cleanser\/\"  class=\"button-text\"><span>Sepete Ekle<\/span><i class=\"klb-right\"><\/i><\/a><\/div><div class=\"banner-image\"><img decoding=\"async\" src=\"https:\/\/letglow.com\/wp-content\/uploads\/2024\/12\/123.jpg\" alt=\"img\"><\/div><a href=\"https:\/\/klbtheme.com\/cosmetsy\/product\/squalane-oil-cleanser\/\"  class=\"overlay-link\"><\/a><\/div>\t\t\t\t<\/div>\n\t\t\t\t<\/div>\n\t\t\t\t\t<\/div>\n\t\t<\/div>\n\t\t\t\t\t<\/div>\n\t\t<\/div>\n\t\t\t\t<div class=\"elementor-section elementor-top-section elementor-element elementor-element-3309f1f elementor-section-boxed elementor-section-height-default elementor-section-height-default\" data-id=\"3309f1f\" data-element_type=\"section\">\n\t\t\t\t\t\t<div class=\"elementor-container elementor-column-gap-extended\">\n\t\t\t\t\t<div class=\"elementor-column elementor-col-100 elementor-top-column elementor-element elementor-element-5c3b2b0\" data-id=\"5c3b2b0\" data-element_type=\"column\">\n\t\t\t<div class=\"elementor-widget-wrap elementor-element-populated\">\n\t\t\t\t\t\t<div class=\"elementor-element elementor-element-fc4b452 elementor-widget elementor-widget-cosmetsy-custom-title\" data-id=\"fc4b452\" data-element_type=\"widget\" data-widget_type=\"cosmetsy-custom-title.default\">\n\t\t\t\t<div class=\"elementor-widget-container\">\n\t\t\t\t\t<div class=\"module\"><div class=\"module--title style-2 bordered\"><div class=\"module--title--inner\"><h2 class=\"entry-title\">Blog<\/h2><a href=\"https:\/\/klbtheme.com\/cosmetsy\/blog\/\"  class=\"button-text hide-mobile\"><span>\u0130pu\u00e7lar\u0131 \u0130\u00e7in T\u0131kla!<\/span><i class=\"klb-right\"><\/i> <\/a><\/div><\/div><\/div>\t\t\t\t<\/div>\n\t\t\t\t<\/div>\n\t\t\t\t\t<\/div>\n\t\t<\/div>\n\t\t\t\t\t<\/div>\n\t\t<\/div>\n\t\t\t\t<div class=\"elementor-section elementor-top-section elementor-element elementor-element-7eea461 elementor-section-boxed elementor-section-height-default elementor-section-height-default\" data-id=\"7eea461\" data-element_type=\"section\">\n\t\t\t\t\t\t<div class=\"elementor-container elementor-column-gap-no\">\n\t\t\t\t\t<div class=\"elementor-column elementor-col-100 elementor-top-column elementor-element elementor-element-4794bf6\" data-id=\"4794bf6\" data-element_type=\"column\">\n\t\t\t<div class=\"elementor-widget-wrap elementor-element-populated\">\n\t\t\t\t\t\t<div class=\"elementor-element elementor-element-952bff5 elementor-widget elementor-widget-cosmetsy-latest-blog\" data-id=\"952bff5\" data-element_type=\"widget\" data-widget_type=\"cosmetsy-latest-blog.default\">\n\t\t\t\t<div class=\"elementor-widget-container\">\n\t\t\t\t\t<div class=\"klb-latest-blog site-post-archive grid size-small algin-inherit\"><div class=\"container\"><div class=\"row\"><div class=\"col col-12 col-md-6 col-lg-4 site-element\"><article class=\"blog-post post\" itemscope=\"itemscope\" itemtype=\"http:\/\/schema.org\/Article\"><figure class=\"entry-media\"><a href=\"https:\/\/letglow.com\/?p=266\"><img decoding=\"async\" src=\"https:\/\/letglow.com\/wp-content\/uploads\/2021\/02\/index-47-370x250.jpg\" alt=\"The 7 Best Bikini Trimmers to Get Ready for Swimsuit Season\"><\/a><\/figure><div class=\"content-align\"><div class=\"entry-wrapper\"><div class=\"entry-meta top\"><span class=\"meta-item entry-published\" itemprop=\"datePublished\"><a href=\"https:\/\/letglow.com\/?p=266\" itemprop=\"url\">7 \u015eub 2021<\/a><\/span><a href=\"https:\/\/letglow.com\/?p=266\" class=\"category\">Lifestyle<\/a><\/div><h3 class=\"entry-title\"><a href=\"https:\/\/letglow.com\/?p=266\">The 7 Best Bikini Trimmers to Get Ready for Swimsuit Season<\/a><\/h3><div class=\"entry-meta\"><span class=\"meta-item entry-author\" itemprop=\"author\" itemscope=\"itemscope\" itemtype=\"http:\/\/schema.org\/Person\"><span class=\"meta-separator\">by<\/span><a href=\"https:\/\/letglow.com\/?p=266\" rel=\"author\" class=\"url fn n\" itemprop=\"url\"><span itemprop=\"name\"> LetGlow<\/span><\/a><\/span><\/div><\/div><\/div><\/article><\/div><div class=\"col col-12 col-md-6 col-lg-4 site-element\"><article class=\"blog-post post\" itemscope=\"itemscope\" itemtype=\"http:\/\/schema.org\/Article\"><figure class=\"entry-media\"><a href=\"https:\/\/letglow.com\/?p=264\"><img decoding=\"async\" src=\"https:\/\/letglow.com\/wp-content\/uploads\/2021\/02\/index-46-370x250.jpg\" alt=\"But I must explain to you how all this mistaken idea\"><\/a><\/figure><div class=\"content-align\"><div class=\"entry-wrapper\"><div class=\"entry-meta top\"><span class=\"meta-item entry-published\" itemprop=\"datePublished\"><a href=\"https:\/\/letglow.com\/?p=264\" itemprop=\"url\">7 \u015eub 2021<\/a><\/span><a href=\"https:\/\/letglow.com\/?p=264\" class=\"category\">Lifestyle<\/a><\/div><h3 class=\"entry-title\"><a href=\"https:\/\/letglow.com\/?p=264\">But I must explain to you how all this mistaken idea<\/a><\/h3><div class=\"entry-meta\"><span class=\"meta-item entry-author\" itemprop=\"author\" itemscope=\"itemscope\" itemtype=\"http:\/\/schema.org\/Person\"><span class=\"meta-separator\">by<\/span><a href=\"https:\/\/letglow.com\/?p=264\" rel=\"author\" class=\"url fn n\" itemprop=\"url\"><span itemprop=\"name\"> LetGlow<\/span><\/a><\/span><\/div><\/div><\/div><\/article><\/div><div class=\"col col-12 col-md-6 col-lg-4 site-element\"><article class=\"blog-post post\" itemscope=\"itemscope\" itemtype=\"http:\/\/schema.org\/Article\"><figure class=\"entry-media\"><a href=\"https:\/\/letglow.com\/?p=262\"><img decoding=\"async\" src=\"https:\/\/letglow.com\/wp-content\/uploads\/2021\/02\/index-48-370x250.jpg\" alt=\"On the other hand we provide denounce with righteous\"><\/a><\/figure><div class=\"content-align\"><div class=\"entry-wrapper\"><div class=\"entry-meta top\"><span class=\"meta-item entry-published\" itemprop=\"datePublished\"><a href=\"https:\/\/letglow.com\/?p=262\" itemprop=\"url\">7 \u015eub 2021<\/a><\/span><a href=\"https:\/\/letglow.com\/?p=262\" class=\"category\">Image<\/a><\/div><h3 class=\"entry-title\"><a href=\"https:\/\/letglow.com\/?p=262\">On the other hand we provide denounce with righteous<\/a><\/h3><div class=\"entry-meta\"><span class=\"meta-item entry-author\" itemprop=\"author\" itemscope=\"itemscope\" itemtype=\"http:\/\/schema.org\/Person\"><span class=\"meta-separator\">by<\/span><a href=\"https:\/\/letglow.com\/?p=262\" rel=\"author\" class=\"url fn n\" itemprop=\"url\"><span itemprop=\"name\"> LetGlow<\/span><\/a><\/span><\/div><\/div><\/div><\/article><\/div><\/div><\/div><\/div>\t\t\t\t<\/div>\n\t\t\t\t<\/div>\n\t\t\t\t\t<\/div>\n\t\t<\/div>\n\t\t\t\t\t<\/div>\n\t\t<\/div>\n\t\t\t\t<\/div>\n\t\t","protected":false},"excerpt":{"rendered":"<p>Canl\u0131 ve Taze Bir Cilt \u0130\u00e7in Bak\u0131m Let Glow &#8211; Do\u011fal I\u015f\u0131lt\u0131n\u0131z, \u015eimdi Cildinizde Let Glow, cildinizi derinlemesine nemlendirir, besler ve do\u011fal \u0131\u015f\u0131lt\u0131n\u0131z\u0131 ortaya \u00e7\u0131kar\u0131r. Taze ve p\u00fcr\u00fczs\u00fcz bir cilt i\u00e7in en do\u011fal i\u00e7eriklerle bak\u0131m yap\u0131n Ke\u015ffet \u00d6ne \u00c7\u0131kan Koleksiyonlar Cilt ve Y\u00fcz Serumlar\u0131 Cilt ve Y\u00fcz Temizleyiciler Nemlendiriciler \u00d6ne \u00c7\u0131kan \u00dcr\u00fcnler \u00dcr\u00fcnleri Ke\u015ffet 24%<\/p>\n<div class=\"klb-readmore entry-button\"><a class=\"button light alt medium\" href=\"https:\/\/letglow.com\/?p=262\">Read More<\/a><\/div>\n","protected":false},"author":1,"featured_media":0,"parent":0,"menu_order":0,"comment_status":"closed","ping_status":"closed","template":"","meta":{"footnotes":""},"class_list":["post-753","page","type-page","status-publish","hentry"],"jetpack_sharing_enabled":true,"_links":{"self":[{"href":"https:\/\/letglow.com\/index.php?rest_route=\/wp\/v2\/pages\/753","targetHints":{"allow":["GET"]}}],"collection":[{"href":"https:\/\/letglow.com\/index.php?rest_route=\/wp\/v2\/pages"}],"about":[{"href":"https:\/\/letglow.com\/index.php?rest_route=\/wp\/v2\/types\/page"}],"author":[{"embeddable":true,"href":"https:\/\/letglow.com\/index.php?rest_route=\/wp\/v2\/users\/1"}],"replies":[{"embeddable":true,"href":"https:\/\/letglow.com\/index.php?rest_route=%2Fwp%2Fv2%2Fcomments&post=753"}],"version-history":[{"count":52,"href":"https:\/\/letglow.com\/index.php?rest_route=\/wp\/v2\/pages\/753\/revisions"}],"predecessor-version":[{"id":1864,"href":"https:\/\/letglow.com\/index.php?rest_route=\/wp\/v2\/pages\/753\/revisions\/1864"}],"wp:attachment":[{"href":"https:\/\/letglow.com\/index.php?rest_route=%2Fwp%2Fv2%2Fmedia&parent=753"}],"curies":[{"name":"wp","href":"https:\/\/api.w.org\/{rel}","templated":true}]}}